{"id":905,"date":"2023-11-03T15:57:45","date_gmt":"2023-11-03T15:57:45","guid":{"rendered":"https:\/\/lesterrassesdagafay.com\/?page_id=905"},"modified":"2024-05-14T12:19:52","modified_gmt":"2024-05-14T12:19:52","slug":"mobile-camp","status":"publish","type":"page","link":"https:\/\/lesterrassesdagafay.com\/en\/mobile-camp\/","title":{"rendered":"Pop-up Camp"},"content":{"rendered":"<p>[et_pb_section fb_built=&#8221;1&#8243; _builder_version=&#8221;4.17.6&#8243; _module_preset=&#8221;default&#8221; background_color=&#8221;#9e6d57&#8243; custom_padding=&#8221;||74px|||&#8221; global_colors_info=&#8221;{}&#8221;][\/et_pb_section][et_pb_section fb_built=&#8221;1&#8243; admin_label=&#8221;Header&#8221; _builder_version=&#8221;4.17.6&#8243; _module_preset=&#8221;default&#8221; background_color=&#8221;rgba(246,236,222,0.61)&#8221; custom_padding=&#8221;||||false|false&#8221; global_colors_info=&#8221;{}&#8221;][et_pb_row _builder_version=&#8221;4.17.6&#8243; _module_preset=&#8221;default&#8221; custom_padding=&#8221;||0px||false|false&#8221; global_colors_info=&#8221;{}&#8221;][et_pb_column type=&#8221;4_4&#8243; _builder_version=&#8221;4.17.6&#8243; _module_preset=&#8221;default&#8221; custom_padding=&#8221;||||false|false&#8221; custom_padding_tablet=&#8221;0px||||false|false&#8221; custom_padding_phone=&#8221;0px||||false|false&#8221; custom_padding_last_edited=&#8221;on|phone&#8221; animation_style=&#8221;fade&#8221; animation_duration=&#8221;1650ms&#8221; global_colors_info=&#8221;{}&#8221;][et_pb_text _builder_version=&#8221;4.17.6&#8243; _module_preset=&#8221;e864d11f-3dab-4fa3-ac06-4f0e1a260807&#8243; header_font=&#8221;marisa||||||||&#8221; header_text_color=&#8221;#9e6d57&#8243; header_font_size=&#8221;73px&#8221; header_line_height=&#8221;34.3px&#8221; custom_margin=&#8221;-2px||||false|false&#8221; header_font_size_tablet=&#8221;44px&#8221; header_font_size_phone=&#8221;42px&#8221; header_font_size_last_edited=&#8221;on|tablet&#8221; global_colors_info=&#8221;{}&#8221;]<\/p>\n<h1>POP-UP CAMP<\/h1>\n<p>[\/et_pb_text][et_pb_text _builder_version=&#8221;4.17.6&#8243; _module_preset=&#8221;5ff55506-da7d-4dd7-b409-9d62c7203201&#8243; text_font=&#8221;Questrial||||||||&#8221; text_text_color=&#8221;#424242&#8243; text_line_height=&#8221;1.9em&#8221; link_text_color=&#8221;#A77B51&#8243; max_width=&#8221;100%&#8221; max_width_tablet=&#8221;100%&#8221; max_width_phone=&#8221;100%&#8221; max_width_last_edited=&#8221;on|desktop&#8221; module_alignment=&#8221;right&#8221; custom_margin=&#8221;||33px||false|false&#8221; custom_padding=&#8221;20px|||10px|false|false&#8221; text_font_size_tablet=&#8221;15px&#8221; text_font_size_phone=&#8221;14px&#8221; text_font_size_last_edited=&#8221;on|phone&#8221; header_font_size_tablet=&#8221;55px&#8221; header_font_size_last_edited=&#8221;off|desktop&#8221; module_alignment_tablet=&#8221;left&#8221; module_alignment_phone=&#8221;left&#8221; module_alignment_last_edited=&#8221;on|tablet&#8221; border_width_top=&#8221;1px&#8221; border_color_top=&#8221;#A77B51&#8243; global_colors_info=&#8221;{}&#8221;]<\/p>\n<p style=\"text-align: justify;\"><span>Do you prefer to roam the desert freely while enjoying the comfort of &#8220;glamping&#8221; in unique locations? For an even richer experience, we also offer mobile glamping at the location of your choice, where you can change your scenery every night. Choose your route, and we&#8217;ll take care of the rest!<\/span><\/p>\n<p>[\/et_pb_text][dmg_masonry_gallery gallery=&#8221;1059,1061,1063,1065,1069,1071,1073,1075,1078,1080,1081,1067&#8243; _builder_version=&#8221;4.17.6&#8243; _module_preset=&#8221;default&#8221; hover_enabled=&#8221;0&#8243; locked=&#8221;off&#8221; global_colors_info=&#8221;{}&#8221; sticky_enabled=&#8221;0&#8243;][\/dmg_masonry_gallery][\/et_pb_column][\/et_pb_row][et_pb_row _builder_version=&#8221;4.17.6&#8243; _module_preset=&#8221;default&#8221; hover_enabled=&#8221;0&#8243; sticky_enabled=&#8221;0&#8243; locked=&#8221;off&#8221;][et_pb_column _builder_version=&#8221;4.17.6&#8243; _module_preset=&#8221;default&#8221; type=&#8221;4_4&#8243;][et_pb_video src=&#8221;https:\/\/www.youtube.com\/watch?v=Fd2KwdUg594&#8243; _builder_version=&#8221;4.17.6&#8243; _module_preset=&#8221;default&#8221; hover_enabled=&#8221;0&#8243; sticky_enabled=&#8221;0&#8243;][\/et_pb_video][\/et_pb_column][\/et_pb_row][\/et_pb_section]<\/p>\n","protected":false},"excerpt":{"rendered":"<p>POP-UP CAMPDo you prefer to roam the desert freely while enjoying the comfort of &#8220;glamping&#8221; in unique locations? For an even richer experience, we also offer mobile glamping at the location of your choice, where you can change your scenery every night. Choose your route, and we&#8217;ll take care of the rest!<div class=\"et_pb_module dmg_masonry_gallery dmg_masonry_gallery_0\">\n\t\t\t\t\n\t\t\t\t\n\t\t\t\t\n\t\t\t\t\n\t\t\t\t\n\t\t\t\t\n\t\t\t\t<div class=\"et_pb_module_inner\">\n\t\t\t\t\t\n\t\t\t<div class=\"dmg-gallery-wrapper\">\n\t\t\t\t\n\t\t\t\t<div class=\"dmg-gallery dmg-modal-gallery \">\n\t\t\t\t\t<div class=\"dmg-gallery-sizer\"><\/div>\n\t\t\t\t\t<div class=\"dmg-gutter-sizer\"><\/div>\n\t\t\t\t\t\n\t\t\t\t\t\t<a href=\"\"  data-categories=\"\" class=\"dmg_masonry_gallery_item \" >\n\t\t\t\t\t\t\t<img class=\"lazyload\" alt=\"\" data-src=\"\" srcset=\"\" sizes=\"\" width=\"\" height=\"\" \/>\n\t\t\t\t\t\t\t<span class=\"et_overlay\"><\/span>\n\t\t\t\t\t\t<\/a>\n\t\t\t\t\t\t\n\t\t\t\t\t\t<a href=\"https:\/\/lesterrassesdagafay.com\/wp-content\/uploads\/2024\/05\/COCHLEAPROD120-scaled-1.jpg\"  data-categories=\"\" class=\"dmg_masonry_gallery_item \" >\n\t\t\t\t\t\t\t<img fetchpriority=\"high\" class=\"lazyload\" alt=\"\" data-src=\"https:\/\/lesterrassesdagafay.com\/wp-content\/uploads\/2024\/05\/COCHLEAPROD120-scaled-1-980x1470.jpg\" srcset=\"https:\/\/lesterrassesdagafay.com\/wp-content\/uploads\/2024\/05\/COCHLEAPROD120-scaled-1-980x1470.jpg 980w, https:\/\/lesterrassesdagafay.com\/wp-content\/uploads\/2024\/05\/COCHLEAPROD120-scaled-1-480x720.jpg 480w\" sizes=\"(min-width: 0px) and (max-width: 480px) 480px, (min-width: 481px) and (max-width: 980px) 980px, 100vw\" width=\"980\" height=\"1470\" \/>\n\t\t\t\t\t\t\t<span class=\"et_overlay\"><\/span>\n\t\t\t\t\t\t<\/a>\n\t\t\t\t\t\t\n\t\t\t\t\t\t<a href=\"https:\/\/lesterrassesdagafay.com\/wp-content\/uploads\/2024\/05\/Cochleaproduction-48.jpg\"  data-categories=\"\" class=\"dmg_masonry_gallery_item \" >\n\t\t\t\t\t\t\t<img class=\"lazyload\" alt=\"\" data-src=\"https:\/\/lesterrassesdagafay.com\/wp-content\/uploads\/2024\/05\/Cochleaproduction-48-980x735.jpg\" srcset=\"https:\/\/lesterrassesdagafay.com\/wp-content\/uploads\/2024\/05\/Cochleaproduction-48-980x735.jpg 980w, https:\/\/lesterrassesdagafay.com\/wp-content\/uploads\/2024\/05\/Cochleaproduction-48-480x360.jpg 480w\" sizes=\"(min-width: 0px) and (max-width: 480px) 480px, (min-width: 481px) and (max-width: 980px) 980px, 100vw\" width=\"980\" height=\"735\" \/>\n\t\t\t\t\t\t\t<span class=\"et_overlay\"><\/span>\n\t\t\t\t\t\t<\/a>\n\t\t\t\t\t\t\n\t\t\t\t\t\t<a href=\"https:\/\/lesterrassesdagafay.com\/wp-content\/uploads\/2024\/05\/DSC_7435.jpg\"  data-categories=\"\" class=\"dmg_masonry_gallery_item \" >\n\t\t\t\t\t\t\t<img class=\"lazyload\" alt=\"\" data-src=\"https:\/\/lesterrassesdagafay.com\/wp-content\/uploads\/2024\/05\/DSC_7435-980x653.jpg\" srcset=\"https:\/\/lesterrassesdagafay.com\/wp-content\/uploads\/2024\/05\/DSC_7435-980x653.jpg 980w, https:\/\/lesterrassesdagafay.com\/wp-content\/uploads\/2024\/05\/DSC_7435-480x320.jpg 480w\" sizes=\"(min-width: 0px) and (max-width: 480px) 480px, (min-width: 481px) and (max-width: 980px) 980px, 100vw\" width=\"980\" height=\"653\" \/>\n\t\t\t\t\t\t\t<span class=\"et_overlay\"><\/span>\n\t\t\t\t\t\t<\/a>\n\t\t\t\t\t\t\n\t\t\t\t\t\t<a href=\"https:\/\/lesterrassesdagafay.com\/wp-content\/uploads\/2024\/05\/DSC_7913.jpg\"  data-categories=\"\" class=\"dmg_masonry_gallery_item \" >\n\t\t\t\t\t\t\t<img loading=\"lazy\" class=\"lazyload\" alt=\"\" data-src=\"https:\/\/lesterrassesdagafay.com\/wp-content\/uploads\/2024\/05\/DSC_7913-980x653.jpg\" srcset=\"https:\/\/lesterrassesdagafay.com\/wp-content\/uploads\/2024\/05\/DSC_7913-980x653.jpg 980w, https:\/\/lesterrassesdagafay.com\/wp-content\/uploads\/2024\/05\/DSC_7913-480x320.jpg 480w\" sizes=\"(min-width: 0px) and (max-width: 480px) 480px, (min-width: 481px) and (max-width: 980px) 980px, 100vw\" width=\"980\" height=\"653\" \/>\n\t\t\t\t\t\t\t<span class=\"et_overlay\"><\/span>\n\t\t\t\t\t\t<\/a>\n\t\t\t\t\t\t\n\t\t\t\t\t\t<a href=\"https:\/\/lesterrassesdagafay.com\/wp-content\/uploads\/2024\/05\/DSC04637.jpg\"  data-categories=\"\" class=\"dmg_masonry_gallery_item \" >\n\t\t\t\t\t\t\t<img loading=\"lazy\" class=\"lazyload\" alt=\"\" data-src=\"https:\/\/lesterrassesdagafay.com\/wp-content\/uploads\/2024\/05\/DSC04637-980x653.jpg\" srcset=\"https:\/\/lesterrassesdagafay.com\/wp-content\/uploads\/2024\/05\/DSC04637-980x653.jpg 980w, https:\/\/lesterrassesdagafay.com\/wp-content\/uploads\/2024\/05\/DSC04637-480x320.jpg 480w\" sizes=\"(min-width: 0px) and (max-width: 480px) 480px, (min-width: 481px) and (max-width: 980px) 980px, 100vw\" width=\"980\" height=\"653\" \/>\n\t\t\t\t\t\t\t<span class=\"et_overlay\"><\/span>\n\t\t\t\t\t\t<\/a>\n\t\t\t\t\t\t\n\t\t\t\t\t\t<a href=\"https:\/\/lesterrassesdagafay.com\/wp-content\/uploads\/2024\/05\/DSC04645-scaled-1.jpg\"  data-categories=\"\" class=\"dmg_masonry_gallery_item \" >\n\t\t\t\t\t\t\t<img loading=\"lazy\" class=\"lazyload\" alt=\"\" data-src=\"https:\/\/lesterrassesdagafay.com\/wp-content\/uploads\/2024\/05\/DSC04645-scaled-1-980x1470.jpg\" srcset=\"https:\/\/lesterrassesdagafay.com\/wp-content\/uploads\/2024\/05\/DSC04645-scaled-1-980x1470.jpg 980w, https:\/\/lesterrassesdagafay.com\/wp-content\/uploads\/2024\/05\/DSC04645-scaled-1-480x720.jpg 480w\" sizes=\"(min-width: 0px) and (max-width: 480px) 480px, (min-width: 481px) and (max-width: 980px) 980px, 100vw\" width=\"980\" height=\"1470\" \/>\n\t\t\t\t\t\t\t<span class=\"et_overlay\"><\/span>\n\t\t\t\t\t\t<\/a>\n\t\t\t\t\t\t\n\t\t\t\t\t\t<a href=\"https:\/\/lesterrassesdagafay.com\/wp-content\/uploads\/2024\/05\/DSC04737.jpg\"  data-categories=\"\" class=\"dmg_masonry_gallery_item \" >\n\t\t\t\t\t\t\t<img loading=\"lazy\" class=\"lazyload\" alt=\"\" data-src=\"https:\/\/lesterrassesdagafay.com\/wp-content\/uploads\/2024\/05\/DSC04737-980x653.jpg\" srcset=\"https:\/\/lesterrassesdagafay.com\/wp-content\/uploads\/2024\/05\/DSC04737-980x653.jpg 980w, https:\/\/lesterrassesdagafay.com\/wp-content\/uploads\/2024\/05\/DSC04737-480x320.jpg 480w\" sizes=\"(min-width: 0px) and (max-width: 480px) 480px, (min-width: 481px) and (max-width: 980px) 980px, 100vw\" width=\"980\" height=\"653\" \/>\n\t\t\t\t\t\t\t<span class=\"et_overlay\"><\/span>\n\t\t\t\t\t\t<\/a>\n\t\t\t\t\t\t\n\t\t\t\t\t\t<a href=\"https:\/\/lesterrassesdagafay.com\/wp-content\/uploads\/2024\/05\/DSC05039.jpg\"  data-categories=\"\" class=\"dmg_masonry_gallery_item \" >\n\t\t\t\t\t\t\t<img loading=\"lazy\" class=\"lazyload\" alt=\"\" data-src=\"https:\/\/lesterrassesdagafay.com\/wp-content\/uploads\/2024\/05\/DSC05039-980x653.jpg\" srcset=\"https:\/\/lesterrassesdagafay.com\/wp-content\/uploads\/2024\/05\/DSC05039-980x653.jpg 980w, https:\/\/lesterrassesdagafay.com\/wp-content\/uploads\/2024\/05\/DSC05039-480x320.jpg 480w\" sizes=\"(min-width: 0px) and (max-width: 480px) 480px, (min-width: 481px) and (max-width: 980px) 980px, 100vw\" width=\"980\" height=\"653\" \/>\n\t\t\t\t\t\t\t<span class=\"et_overlay\"><\/span>\n\t\t\t\t\t\t<\/a>\n\t\t\t\t\t\t\n\t\t\t\t\t\t<a href=\"https:\/\/lesterrassesdagafay.com\/wp-content\/uploads\/2024\/05\/DSC05208.jpg\"  data-categories=\"\" class=\"dmg_masonry_gallery_item \" >\n\t\t\t\t\t\t\t<img loading=\"lazy\" class=\"lazyload\" alt=\"\" data-src=\"https:\/\/lesterrassesdagafay.com\/wp-content\/uploads\/2024\/05\/DSC05208-980x708.jpg\" srcset=\"https:\/\/lesterrassesdagafay.com\/wp-content\/uploads\/2024\/05\/DSC05208-980x708.jpg 980w, https:\/\/lesterrassesdagafay.com\/wp-content\/uploads\/2024\/05\/DSC05208-480x347.jpg 480w\" sizes=\"(min-width: 0px) and (max-width: 480px) 480px, (min-width: 481px) and (max-width: 980px) 980px, 100vw\" width=\"980\" height=\"708\" \/>\n\t\t\t\t\t\t\t<span class=\"et_overlay\"><\/span>\n\t\t\t\t\t\t<\/a>\n\t\t\t\t\t\t\n\t\t\t\t\t\t<a href=\"https:\/\/lesterrassesdagafay.com\/wp-content\/uploads\/2024\/05\/DSC05600.jpg\"  data-categories=\"\" class=\"dmg_masonry_gallery_item \" >\n\t\t\t\t\t\t\t<img loading=\"lazy\" class=\"lazyload\" alt=\"\" data-src=\"https:\/\/lesterrassesdagafay.com\/wp-content\/uploads\/2024\/05\/DSC05600-980x653.jpg\" srcset=\"https:\/\/lesterrassesdagafay.com\/wp-content\/uploads\/2024\/05\/DSC05600-980x653.jpg 980w, https:\/\/lesterrassesdagafay.com\/wp-content\/uploads\/2024\/05\/DSC05600-480x320.jpg 480w\" sizes=\"(min-width: 0px) and (max-width: 480px) 480px, (min-width: 481px) and (max-width: 980px) 980px, 100vw\" width=\"980\" height=\"653\" \/>\n\t\t\t\t\t\t\t<span class=\"et_overlay\"><\/span>\n\t\t\t\t\t\t<\/a>\n\t\t\t\t\t\t\n\t\t\t\t\t\t<a href=\"https:\/\/lesterrassesdagafay.com\/wp-content\/uploads\/2024\/05\/DSC_7773.jpg\"  data-categories=\"\" class=\"dmg_masonry_gallery_item \" >\n\t\t\t\t\t\t\t<img loading=\"lazy\" class=\"lazyload\" alt=\"\" data-src=\"https:\/\/lesterrassesdagafay.com\/wp-content\/uploads\/2024\/05\/DSC_7773-980x653.jpg\" srcset=\"https:\/\/lesterrassesdagafay.com\/wp-content\/uploads\/2024\/05\/DSC_7773-980x653.jpg 980w, https:\/\/lesterrassesdagafay.com\/wp-content\/uploads\/2024\/05\/DSC_7773-480x320.jpg 480w\" sizes=\"(min-width: 0px) and (max-width: 480px) 480px, (min-width: 481px) and (max-width: 980px) 980px, 100vw\" width=\"980\" height=\"653\" \/>\n\t\t\t\t\t\t\t<span class=\"et_overlay\"><\/span>\n\t\t\t\t\t\t<\/a>\n\t\t\t\t\t\t\n\t  \t\t\t<\/div>\n\t  \t\t\t\n  \t\t\t<\/div>\n  \t\t\t\n\t\t\t\t<\/div>\n\t\t\t<\/div><\/p>\n","protected":false},"author":1,"featured_media":0,"parent":0,"menu_order":0,"comment_status":"closed","ping_status":"closed","template":"","meta":{"_et_pb_use_builder":"on","_et_pb_old_content":"[et_pb_section fb_built=\"1\" _builder_version=\"4.17.6\" _module_preset=\"default\" background_color=\"#9e6d57\" custom_padding=\"||74px|||\" global_colors_info=\"{}\" theme_builder_area=\"post_content\"][\/et_pb_section][et_pb_section fb_built=\"1\" admin_label=\"Header\" _builder_version=\"4.17.6\" _module_preset=\"default\" background_color=\"rgba(246,236,222,0.61)\" custom_padding=\"||||false|false\" global_colors_info=\"{}\" theme_builder_area=\"post_content\"][et_pb_row _builder_version=\"4.17.6\" _module_preset=\"default\" custom_padding=\"||0px||false|false\" global_colors_info=\"{}\" theme_builder_area=\"post_content\"][et_pb_column type=\"4_4\" _builder_version=\"4.17.6\" _module_preset=\"default\" custom_padding=\"||||false|false\" custom_padding_tablet=\"0px||||false|false\" custom_padding_phone=\"0px||||false|false\" custom_padding_last_edited=\"on|phone\" animation_style=\"fade\" animation_duration=\"1650ms\" global_colors_info=\"{}\" theme_builder_area=\"post_content\"][et_pb_text _builder_version=\"4.17.6\" _module_preset=\"e864d11f-3dab-4fa3-ac06-4f0e1a260807\" header_font=\"marisa||||||||\" header_text_color=\"#9e6d57\" header_font_size=\"73px\" header_line_height=\"34.3px\" custom_margin=\"-2px||||false|false\" header_font_size_tablet=\"44px\" header_font_size_phone=\"42px\" header_font_size_last_edited=\"on|tablet\" global_colors_info=\"{}\" theme_builder_area=\"post_content\"]\n<h1>MOBILE CAMP<\/h1>\n[\/et_pb_text][et_pb_text _builder_version=\"4.17.6\" _module_preset=\"5ff55506-da7d-4dd7-b409-9d62c7203201\" text_font=\"Questrial||||||||\" text_text_color=\"#424242\" text_line_height=\"1.9em\" link_text_color=\"#A77B51\" max_width=\"100%\" max_width_tablet=\"100%\" max_width_phone=\"100%\" max_width_last_edited=\"on|desktop\" module_alignment=\"right\" custom_margin=\"||33px||false|false\" custom_padding=\"20px|||10px|false|false\" hover_enabled=\"0\" text_font_size_tablet=\"15px\" text_font_size_phone=\"14px\" text_font_size_last_edited=\"on|phone\" header_font_size_tablet=\"55px\" header_font_size_last_edited=\"off|desktop\" module_alignment_tablet=\"left\" module_alignment_phone=\"left\" module_alignment_last_edited=\"on|tablet\" border_width_top=\"1px\" border_color_top=\"#A77B51\" global_colors_info=\"{}\" theme_builder_area=\"post_content\" sticky_enabled=\"0\"]\n<p style=\"text-align: justify;\"><span>Pr\u00e9f\u00e9rez-vous vous d\u00e9placer dans le d\u00e9sert en toute libert\u00e9 tout en profitant du confort du \u00ab glamping \u00bb dans des lieux insolites ? Pour une exp\u00e9rience encore plus riche, nous vous proposons \u00e9galement des glamping mobiles, \u00e0 l'endroit de votre choix, o\u00f9 vous pourrez changer de paysage chaque nuit. Choisissez votre itin\u00e9raire, nous nous occupons du reste !<\/span><\/p>\n[\/et_pb_text][\/et_pb_column][\/et_pb_row][\/et_pb_section]","_et_gb_content_width":"","footnotes":""},"class_list":["post-905","page","type-page","status-publish","hentry"],"yoast_head":"<!-- This site is optimized with the Yoast SEO Premium plugin v18.4 (Yoast SEO v21.0) - https:\/\/yoast.com\/wordpress\/plugins\/seo\/ -->\n<title>Pop-up Camp - Les Terrasses d&#039;Agafay<\/title>\n<meta name=\"robots\" content=\"index, follow, max-snippet:-1, max-image-preview:large, max-video-preview:-1\" \/>\n<link rel=\"canonical\" href=\"https:\/\/lesterrassesdagafay.com\/mobile-camp\/\" \/>\n<meta property=\"og:locale\" content=\"en_US\" \/>\n<meta property=\"og:type\" content=\"article\" \/>\n<meta property=\"og:title\" content=\"Pop-up Camp\" \/>\n<meta property=\"og:description\" content=\"POP-UP CAMPDo you prefer to roam the desert freely while enjoying the comfort of &quot;glamping&quot; in unique locations? For an even richer experience, we also offer mobile glamping at the location of your choice, where you can change your scenery every night. Choose your route, and we&#039;ll take care of the rest!\" \/>\n<meta property=\"og:url\" content=\"https:\/\/lesterrassesdagafay.com\/mobile-camp\/\" \/>\n<meta property=\"og:site_name\" content=\"Les Terrasses d&#039;Agafay\" \/>\n<meta property=\"article:modified_time\" content=\"2024-05-14T12:19:52+00:00\" \/>\n<meta name=\"twitter:card\" content=\"summary_large_image\" \/>\n<meta name=\"twitter:label1\" content=\"Est. reading time\" \/>\n\t<meta name=\"twitter:data1\" content=\"1 minute\" \/>\n<script type=\"application\/ld+json\" class=\"yoast-schema-graph\">{\"@context\":\"https:\/\/schema.org\",\"@graph\":[{\"@type\":\"WebPage\",\"@id\":\"https:\/\/lesterrassesdagafay.com\/mobile-camp\/\",\"url\":\"https:\/\/lesterrassesdagafay.com\/mobile-camp\/\",\"name\":\"Pop-up Camp - Les Terrasses d&#039;Agafay\",\"isPartOf\":{\"@id\":\"https:\/\/lesterrassesdagafay.com\/#website\"},\"datePublished\":\"2023-11-03T15:57:45+00:00\",\"dateModified\":\"2024-05-14T12:19:52+00:00\",\"breadcrumb\":{\"@id\":\"https:\/\/lesterrassesdagafay.com\/mobile-camp\/#breadcrumb\"},\"inLanguage\":\"en-US\",\"potentialAction\":[{\"@type\":\"ReadAction\",\"target\":[\"https:\/\/lesterrassesdagafay.com\/mobile-camp\/\"]}]},{\"@type\":\"BreadcrumbList\",\"@id\":\"https:\/\/lesterrassesdagafay.com\/mobile-camp\/#breadcrumb\",\"itemListElement\":[{\"@type\":\"ListItem\",\"position\":1,\"name\":\"Home\",\"item\":\"https:\/\/lesterrassesdagafay.com\/\"},{\"@type\":\"ListItem\",\"position\":2,\"name\":\"Pop-up Camp\"}]},{\"@type\":\"WebSite\",\"@id\":\"https:\/\/lesterrassesdagafay.com\/#website\",\"url\":\"https:\/\/lesterrassesdagafay.com\/\",\"name\":\"Les Terrasses d&#039;Agafay\",\"description\":\"\u00c9v\u00e8nements - Piscine - Restaurant\",\"potentialAction\":[{\"@type\":\"SearchAction\",\"target\":{\"@type\":\"EntryPoint\",\"urlTemplate\":\"https:\/\/lesterrassesdagafay.com\/?s={search_term_string}\"},\"query-input\":\"required name=search_term_string\"}],\"inLanguage\":\"en-US\"}]}<\/script>\n<!-- \/ Yoast SEO Premium plugin. -->","yoast_head_json":{"title":"Pop-up Camp - Les Terrasses d&#039;Agafay","robots":{"index":"index","follow":"follow","max-snippet":"max-snippet:-1","max-image-preview":"max-image-preview:large","max-video-preview":"max-video-preview:-1"},"canonical":"https:\/\/lesterrassesdagafay.com\/mobile-camp\/","og_locale":"en_US","og_type":"article","og_title":"Pop-up Camp","og_description":"POP-UP CAMPDo you prefer to roam the desert freely while enjoying the comfort of \"glamping\" in unique locations? For an even richer experience, we also offer mobile glamping at the location of your choice, where you can change your scenery every night. Choose your route, and we'll take care of the rest!","og_url":"https:\/\/lesterrassesdagafay.com\/mobile-camp\/","og_site_name":"Les Terrasses d&#039;Agafay","article_modified_time":"2024-05-14T12:19:52+00:00","twitter_card":"summary_large_image","twitter_misc":{"Est. reading time":"1 minute"},"schema":{"@context":"https:\/\/schema.org","@graph":[{"@type":"WebPage","@id":"https:\/\/lesterrassesdagafay.com\/mobile-camp\/","url":"https:\/\/lesterrassesdagafay.com\/mobile-camp\/","name":"Pop-up Camp - Les Terrasses d&#039;Agafay","isPartOf":{"@id":"https:\/\/lesterrassesdagafay.com\/#website"},"datePublished":"2023-11-03T15:57:45+00:00","dateModified":"2024-05-14T12:19:52+00:00","breadcrumb":{"@id":"https:\/\/lesterrassesdagafay.com\/mobile-camp\/#breadcrumb"},"inLanguage":"en-US","potentialAction":[{"@type":"ReadAction","target":["https:\/\/lesterrassesdagafay.com\/mobile-camp\/"]}]},{"@type":"BreadcrumbList","@id":"https:\/\/lesterrassesdagafay.com\/mobile-camp\/#breadcrumb","itemListElement":[{"@type":"ListItem","position":1,"name":"Home","item":"https:\/\/lesterrassesdagafay.com\/"},{"@type":"ListItem","position":2,"name":"Pop-up Camp"}]},{"@type":"WebSite","@id":"https:\/\/lesterrassesdagafay.com\/#website","url":"https:\/\/lesterrassesdagafay.com\/","name":"Les Terrasses d&#039;Agafay","description":"\u00c9v\u00e8nements - Piscine - Restaurant","potentialAction":[{"@type":"SearchAction","target":{"@type":"EntryPoint","urlTemplate":"https:\/\/lesterrassesdagafay.com\/?s={search_term_string}"},"query-input":"required name=search_term_string"}],"inLanguage":"en-US"}]}},"_links":{"self":[{"href":"https:\/\/lesterrassesdagafay.com\/en\/wp-json\/wp\/v2\/pages\/905","targetHints":{"allow":["GET"]}}],"collection":[{"href":"https:\/\/lesterrassesdagafay.com\/en\/wp-json\/wp\/v2\/pages"}],"about":[{"href":"https:\/\/lesterrassesdagafay.com\/en\/wp-json\/wp\/v2\/types\/page"}],"author":[{"embeddable":true,"href":"https:\/\/lesterrassesdagafay.com\/en\/wp-json\/wp\/v2\/users\/1"}],"replies":[{"embeddable":true,"href":"https:\/\/lesterrassesdagafay.com\/en\/wp-json\/wp\/v2\/comments?post=905"}],"version-history":[{"count":8,"href":"https:\/\/lesterrassesdagafay.com\/en\/wp-json\/wp\/v2\/pages\/905\/revisions"}],"predecessor-version":[{"id":1086,"href":"https:\/\/lesterrassesdagafay.com\/en\/wp-json\/wp\/v2\/pages\/905\/revisions\/1086"}],"wp:attachment":[{"href":"https:\/\/lesterrassesdagafay.com\/en\/wp-json\/wp\/v2\/media?parent=905"}],"curies":[{"name":"wp","href":"https:\/\/api.w.org\/{rel}","templated":true}]}}