{"id":552,"date":"2022-11-22T14:33:56","date_gmt":"2022-11-22T14:33:56","guid":{"rendered":"https:\/\/lesterrassesdagafay.com\/?page_id=552"},"modified":"2026-01-13T09:56:46","modified_gmt":"2026-01-13T09:56:46","slug":"our-tents","status":"publish","type":"page","link":"https:\/\/lesterrassesdagafay.com\/en\/our-tents\/","title":{"rendered":"Our tents"},"content":{"rendered":"<p>[et_pb_section fb_built=&#8221;1&#8243; _builder_version=&#8221;4.17.6&#8243; _module_preset=&#8221;default&#8221; background_color=&#8221;#9e6d57&#8243; custom_padding=&#8221;||74px|||&#8221; global_colors_info=&#8221;{}&#8221;][\/et_pb_section][et_pb_section fb_built=&#8221;1&#8243; admin_label=&#8221;Header&#8221; _builder_version=&#8221;4.17.6&#8243; _module_preset=&#8221;default&#8221; background_color=&#8221;rgba(246,236,222,0.61)&#8221; custom_padding=&#8221;14px||90px||false|false&#8221; global_colors_info=&#8221;{}&#8221;][et_pb_row _builder_version=&#8221;4.17.6&#8243; _module_preset=&#8221;default&#8221; custom_padding=&#8221;24px||0px||false|false&#8221; global_colors_info=&#8221;{}&#8221;][et_pb_column type=&#8221;4_4&#8243; _builder_version=&#8221;4.17.6&#8243; _module_preset=&#8221;default&#8221; custom_padding=&#8221;120px||||false|false&#8221; custom_padding_tablet=&#8221;0px||||false|false&#8221; custom_padding_phone=&#8221;0px||||false|false&#8221; custom_padding_last_edited=&#8221;on|phone&#8221; animation_style=&#8221;fade&#8221; animation_duration=&#8221;1650ms&#8221; global_colors_info=&#8221;{}&#8221;][et_pb_text _builder_version=&#8221;4.17.6&#8243; _module_preset=&#8221;e864d11f-3dab-4fa3-ac06-4f0e1a260807&#8243; text_font_size=&#8221;16px&#8221; header_font=&#8221;marisa||||||||&#8221; header_text_color=&#8221;#9e6d57&#8243; header_font_size=&#8221;64px&#8221; header_line_height=&#8221;40px&#8221; custom_margin=&#8221;-68px|||||&#8221; custom_margin_tablet=&#8221;-68px|||||&#8221; custom_margin_phone=&#8221;0px||||false|false&#8221; custom_margin_last_edited=&#8221;on|phone&#8221; header_font_size_tablet=&#8221;44px&#8221; header_font_size_phone=&#8221;45px&#8221; header_font_size_last_edited=&#8221;on|tablet&#8221; global_colors_info=&#8221;{}&#8221;]<\/p>\n<h1 style=\"text-align: left;\">YOUR STAY AT les terrasses d\u2019agafay<\/h1>\n<p>[\/et_pb_text][et_pb_text _builder_version=&#8221;4.17.6&#8243; _module_preset=&#8221;5ff55506-da7d-4dd7-b409-9d62c7203201&#8243; text_font=&#8221;Questrial||||||||&#8221; text_text_color=&#8221;#424242&#8243; text_line_height=&#8221;1.9em&#8221; link_text_color=&#8221;#A77B51&#8243; max_width=&#8221;100%&#8221; max_width_tablet=&#8221;100%&#8221; max_width_phone=&#8221;100%&#8221; max_width_last_edited=&#8221;on|desktop&#8221; module_alignment=&#8221;right&#8221; custom_margin=&#8221;||45px||false|false&#8221; custom_padding=&#8221;20px|||10px|false|false&#8221; text_font_size_tablet=&#8221;15px&#8221; text_font_size_phone=&#8221;14px&#8221; text_font_size_last_edited=&#8221;on|phone&#8221; header_font_size_tablet=&#8221;55px&#8221; header_font_size_last_edited=&#8221;off|desktop&#8221; module_alignment_tablet=&#8221;left&#8221; module_alignment_phone=&#8221;left&#8221; module_alignment_last_edited=&#8221;on|tablet&#8221; border_width_top=&#8221;1px&#8221; border_color_top=&#8221;#A77B51&#8243; global_colors_info=&#8221;{}&#8221;]<\/p>\n<p>With our 50 explorer tents of 25 square meters, Les Terrasses d\u2019Agafay offer all the comfort needed for a magical stay close to nature.<span class=\"Apple-converted-space\">\u00a0<\/span><\/p>\n<p>Expect the same amenities and facilities as you would have in a top-class hotel. Each tent is simply decorated with a touch of explorer decor and a colour-scheme inspired by the colorful sands of the desert.<\/p>\n<p>In your tent, enjoy a king size bed as well as a fully equipped bathroom with separate toilet, electricity, and the signature Les Sens de Marrakech welcome products.<\/p>\n<p>The capacity of each tent is 2 people maximum.<span class=\"Apple-converted-space\">\u00a0<\/span><\/p>\n<p>[\/et_pb_text][\/et_pb_column][\/et_pb_row][et_pb_row _builder_version=&#8221;4.27.4&#8243; _module_preset=&#8221;default&#8221; hover_enabled=&#8221;0&#8243; global_colors_info=&#8221;{}&#8221; sticky_enabled=&#8221;0&#8243;][et_pb_column type=&#8221;4_4&#8243; _builder_version=&#8221;4.17.6&#8243; _module_preset=&#8221;default&#8221; global_colors_info=&#8221;{}&#8221;][dmg_masonry_gallery gallery=&#8221;1299,1297,1295,1293,1291&#8243; columns=&#8221;2&#8243; gutter=&#8221;8&#8243; columns_tablet=&#8221;2&#8243; columns_phone=&#8221;1&#8243; columns_last_edited=&#8221;on|phone&#8221; _builder_version=&#8221;4.27.4&#8243; _module_preset=&#8221;default&#8221; global_colors_info=&#8221;{}&#8221;][\/dmg_masonry_gallery][\/et_pb_column][\/et_pb_row][\/et_pb_section]<\/p>\n","protected":false},"excerpt":{"rendered":"<p>YOUR STAY AT les terrasses d\u2019agafayWith our 50 explorer tents of 25 square meters, Les Terrasses d\u2019Agafay offer all the comfort needed for a magical stay close to nature.\u00a0 Expect the same amenities and facilities as you would have in a top-class hotel. Each tent is simply decorated with a touch of explorer decor and [&hellip;]<\/p>\n","protected":false},"author":1,"featured_media":0,"parent":0,"menu_order":0,"comment_status":"closed","ping_status":"closed","template":"","meta":{"_et_pb_use_builder":"on","_et_pb_old_content":"[et_pb_section fb_built=\"1\" _builder_version=\"4.17.6\" _module_preset=\"default\" background_color=\"#9e6d57\" custom_padding=\"||74px|||\" global_colors_info=\"{}\" theme_builder_area=\"post_content\"][\/et_pb_section][et_pb_section fb_built=\"1\" admin_label=\"Header\" _builder_version=\"4.17.6\" _module_preset=\"default\" background_color=\"rgba(246,236,222,0.61)\" custom_padding=\"14px||90px||false|false\" global_colors_info=\"{}\" theme_builder_area=\"post_content\"][et_pb_row _builder_version=\"4.17.6\" _module_preset=\"default\" custom_padding=\"24px||0px||false|false\" global_colors_info=\"{}\" theme_builder_area=\"post_content\"][et_pb_column type=\"4_4\" _builder_version=\"4.17.6\" _module_preset=\"default\" custom_padding=\"120px||||false|false\" custom_padding_tablet=\"0px||||false|false\" custom_padding_phone=\"0px||||false|false\" custom_padding_last_edited=\"on|phone\" animation_style=\"fade\" animation_duration=\"1650ms\" global_colors_info=\"{}\" theme_builder_area=\"post_content\"][et_pb_text _builder_version=\"4.17.6\" _module_preset=\"e864d11f-3dab-4fa3-ac06-4f0e1a260807\" text_font_size=\"16px\" header_font=\"marisa||||||||\" header_text_color=\"#9e6d57\" header_font_size=\"64px\" header_line_height=\"40px\" custom_margin=\"-68px|||||\" custom_margin_tablet=\"-68px|||||\" custom_margin_phone=\"0px||||false|false\" custom_margin_last_edited=\"on|phone\" hover_enabled=\"0\" header_font_size_tablet=\"44px\" header_font_size_phone=\"45px\" header_font_size_last_edited=\"on|tablet\" global_colors_info=\"{}\" theme_builder_area=\"post_content\" sticky_enabled=\"0\"]\n<h1>VOTRE SEJOUR dans les terrasses d\u2019agafay<\/h1>\n[\/et_pb_text][et_pb_text _builder_version=\"4.17.6\" _module_preset=\"5ff55506-da7d-4dd7-b409-9d62c7203201\" text_font=\"Questrial||||||||\" text_text_color=\"#424242\" text_line_height=\"1.9em\" link_text_color=\"#A77B51\" max_width=\"100%\" max_width_tablet=\"100%\" max_width_phone=\"100%\" max_width_last_edited=\"on|desktop\" module_alignment=\"right\" custom_margin=\"||45px||false|false\" custom_padding=\"20px|||10px|false|false\" hover_enabled=\"0\" text_font_size_tablet=\"15px\" text_font_size_phone=\"14px\" text_font_size_last_edited=\"on|phone\" header_font_size_tablet=\"55px\" header_font_size_last_edited=\"off|desktop\" module_alignment_tablet=\"left\" module_alignment_phone=\"left\" module_alignment_last_edited=\"on|tablet\" border_width_top=\"1px\" border_color_top=\"#A77B51\" global_colors_info=\"{}\" theme_builder_area=\"post_content\" sticky_enabled=\"0\"]\n<p style=\"text-align: justify;\">Avec nos 50 tentes exploratrices de 25 m\u00e8tres carr\u00e9s, Les Terrasses d\u2019Agafay offrent tout le confort n\u00e9cessaire pour un s\u00e9jour magique proche de la nature.<\/p>\n<p style=\"text-align: justify;\">Attendez-vous aux m\u00eames commodit\u00e9s et installations que vous auriez dans un h\u00f4tel de premi\u00e8re classe. Chaque tente est d\u00e9cor\u00e9e simplement avec une touche de d\u00e9cor d\u2019explorateur et une palette de couleurs inspir\u00e9e des dunes du d\u00e9sert.<\/p>\n<p style=\"text-align: justify;\">Profitez de la climatisation dans toute la tente, d\u2019un lit king size ainsi que d\u2019une salle de bain enti\u00e8rement \u00e9quip\u00e9e avec toilettes s\u00e9par\u00e9es, l\u2019\u00e9lectricit\u00e9 et des produits d\u2019accueil signature Les Sens de Marrakech.<\/p>\n<p style=\"text-align: justify;\">La capacit\u00e9 de chaque tente est de 2 personnes maximum.<\/p>\n[\/et_pb_text][\/et_pb_column][\/et_pb_row][et_pb_row _builder_version=\"4.17.6\" _module_preset=\"default\" global_colors_info=\"{}\" theme_builder_area=\"post_content\"][et_pb_column type=\"4_4\" _builder_version=\"4.17.6\" _module_preset=\"default\" global_colors_info=\"{}\" theme_builder_area=\"post_content\"][dmg_masonry_gallery gallery=\"364,366,368,370\" columns=\"2\" gutter=\"8\" columns_tablet=\"2\" columns_phone=\"1\" columns_last_edited=\"on|phone\" _builder_version=\"4.17.6\" _module_preset=\"default\" hover_enabled=\"0\" global_colors_info=\"{}\" theme_builder_area=\"post_content\" sticky_enabled=\"0\"][\/dmg_masonry_gallery][\/et_pb_column][\/et_pb_row][\/et_pb_section]","_et_gb_content_width":"","footnotes":""},"class_list":["post-552","page","type-page","status-publish","hentry"],"yoast_head":"<!-- This site is optimized with the Yoast SEO Premium plugin v18.4 (Yoast SEO v21.0) - https:\/\/yoast.com\/wordpress\/plugins\/seo\/ -->\n<title>Our tents - Les Terrasses d&#039;Agafay<\/title>\n<meta name=\"robots\" content=\"index, follow, max-snippet:-1, max-image-preview:large, max-video-preview:-1\" \/>\n<link rel=\"canonical\" href=\"https:\/\/lesterrassesdagafay.com\/nos-tentes\/\" \/>\n<meta property=\"og:locale\" content=\"en_US\" \/>\n<meta property=\"og:type\" content=\"article\" \/>\n<meta property=\"og:title\" content=\"Our tents\" \/>\n<meta property=\"og:description\" content=\"YOUR STAY AT les terrasses d\u2019agafayWith our 50 explorer tents of 25 square meters, Les Terrasses d\u2019Agafay offer all the comfort needed for a magical stay close to nature.\u00a0 Expect the same amenities and facilities as you would have in a top-class hotel. Each tent is simply decorated with a touch of explorer decor and [&hellip;]\" \/>\n<meta property=\"og:url\" content=\"https:\/\/lesterrassesdagafay.com\/nos-tentes\/\" \/>\n<meta property=\"og:site_name\" content=\"Les Terrasses d&#039;Agafay\" \/>\n<meta property=\"article:modified_time\" content=\"2026-01-13T09:56:46+00:00\" \/>\n<meta name=\"twitter:card\" content=\"summary_large_image\" \/>\n<meta name=\"twitter:label1\" content=\"Est. reading time\" \/>\n\t<meta name=\"twitter:data1\" content=\"2 minutes\" \/>\n<script type=\"application\/ld+json\" class=\"yoast-schema-graph\">{\"@context\":\"https:\/\/schema.org\",\"@graph\":[{\"@type\":\"WebPage\",\"@id\":\"https:\/\/lesterrassesdagafay.com\/nos-tentes\/\",\"url\":\"https:\/\/lesterrassesdagafay.com\/nos-tentes\/\",\"name\":\"Our tents - Les Terrasses d&#039;Agafay\",\"isPartOf\":{\"@id\":\"https:\/\/lesterrassesdagafay.com\/#website\"},\"datePublished\":\"2022-11-22T14:33:56+00:00\",\"dateModified\":\"2026-01-13T09:56:46+00:00\",\"breadcrumb\":{\"@id\":\"https:\/\/lesterrassesdagafay.com\/nos-tentes\/#breadcrumb\"},\"inLanguage\":\"en-US\",\"potentialAction\":[{\"@type\":\"ReadAction\",\"target\":[\"https:\/\/lesterrassesdagafay.com\/nos-tentes\/\"]}]},{\"@type\":\"BreadcrumbList\",\"@id\":\"https:\/\/lesterrassesdagafay.com\/nos-tentes\/#breadcrumb\",\"itemListElement\":[{\"@type\":\"ListItem\",\"position\":1,\"name\":\"Home\",\"item\":\"https:\/\/lesterrassesdagafay.com\/\"},{\"@type\":\"ListItem\",\"position\":2,\"name\":\"Our tents\"}]},{\"@type\":\"WebSite\",\"@id\":\"https:\/\/lesterrassesdagafay.com\/#website\",\"url\":\"https:\/\/lesterrassesdagafay.com\/\",\"name\":\"Les Terrasses d&#039;Agafay\",\"description\":\"\u00c9v\u00e8nements - Piscine - Restaurant\",\"potentialAction\":[{\"@type\":\"SearchAction\",\"target\":{\"@type\":\"EntryPoint\",\"urlTemplate\":\"https:\/\/lesterrassesdagafay.com\/?s={search_term_string}\"},\"query-input\":\"required name=search_term_string\"}],\"inLanguage\":\"en-US\"}]}<\/script>\n<!-- \/ Yoast SEO Premium plugin. -->","yoast_head_json":{"title":"Our tents - Les Terrasses d&#039;Agafay","robots":{"index":"index","follow":"follow","max-snippet":"max-snippet:-1","max-image-preview":"max-image-preview:large","max-video-preview":"max-video-preview:-1"},"canonical":"https:\/\/lesterrassesdagafay.com\/nos-tentes\/","og_locale":"en_US","og_type":"article","og_title":"Our tents","og_description":"YOUR STAY AT les terrasses d\u2019agafayWith our 50 explorer tents of 25 square meters, Les Terrasses d\u2019Agafay offer all the comfort needed for a magical stay close to nature.\u00a0 Expect the same amenities and facilities as you would have in a top-class hotel. Each tent is simply decorated with a touch of explorer decor and [&hellip;]","og_url":"https:\/\/lesterrassesdagafay.com\/nos-tentes\/","og_site_name":"Les Terrasses d&#039;Agafay","article_modified_time":"2026-01-13T09:56:46+00:00","twitter_card":"summary_large_image","twitter_misc":{"Est. reading time":"2 minutes"},"schema":{"@context":"https:\/\/schema.org","@graph":[{"@type":"WebPage","@id":"https:\/\/lesterrassesdagafay.com\/nos-tentes\/","url":"https:\/\/lesterrassesdagafay.com\/nos-tentes\/","name":"Our tents - Les Terrasses d&#039;Agafay","isPartOf":{"@id":"https:\/\/lesterrassesdagafay.com\/#website"},"datePublished":"2022-11-22T14:33:56+00:00","dateModified":"2026-01-13T09:56:46+00:00","breadcrumb":{"@id":"https:\/\/lesterrassesdagafay.com\/nos-tentes\/#breadcrumb"},"inLanguage":"en-US","potentialAction":[{"@type":"ReadAction","target":["https:\/\/lesterrassesdagafay.com\/nos-tentes\/"]}]},{"@type":"BreadcrumbList","@id":"https:\/\/lesterrassesdagafay.com\/nos-tentes\/#breadcrumb","itemListElement":[{"@type":"ListItem","position":1,"name":"Home","item":"https:\/\/lesterrassesdagafay.com\/"},{"@type":"ListItem","position":2,"name":"Our tents"}]},{"@type":"WebSite","@id":"https:\/\/lesterrassesdagafay.com\/#website","url":"https:\/\/lesterrassesdagafay.com\/","name":"Les Terrasses d&#039;Agafay","description":"\u00c9v\u00e8nements - Piscine - Restaurant","potentialAction":[{"@type":"SearchAction","target":{"@type":"EntryPoint","urlTemplate":"https:\/\/lesterrassesdagafay.com\/?s={search_term_string}"},"query-input":"required name=search_term_string"}],"inLanguage":"en-US"}]}},"_links":{"self":[{"href":"https:\/\/lesterrassesdagafay.com\/en\/wp-json\/wp\/v2\/pages\/552","targetHints":{"allow":["GET"]}}],"collection":[{"href":"https:\/\/lesterrassesdagafay.com\/en\/wp-json\/wp\/v2\/pages"}],"about":[{"href":"https:\/\/lesterrassesdagafay.com\/en\/wp-json\/wp\/v2\/types\/page"}],"author":[{"embeddable":true,"href":"https:\/\/lesterrassesdagafay.com\/en\/wp-json\/wp\/v2\/users\/1"}],"replies":[{"embeddable":true,"href":"https:\/\/lesterrassesdagafay.com\/en\/wp-json\/wp\/v2\/comments?post=552"}],"version-history":[{"count":8,"href":"https:\/\/lesterrassesdagafay.com\/en\/wp-json\/wp\/v2\/pages\/552\/revisions"}],"predecessor-version":[{"id":1389,"href":"https:\/\/lesterrassesdagafay.com\/en\/wp-json\/wp\/v2\/pages\/552\/revisions\/1389"}],"wp:attachment":[{"href":"https:\/\/lesterrassesdagafay.com\/en\/wp-json\/wp\/v2\/media?parent=552"}],"curies":[{"name":"wp","href":"https:\/\/api.w.org\/{rel}","templated":true}]}}